{"id":35493,"date":"2021-04-20T16:09:13","date_gmt":"2021-04-20T14:09:13","guid":{"rendered":"https:\/\/www.gites-les-cerisiers.com\/?page_id=35493"},"modified":"2021-04-20T16:16:57","modified_gmt":"2021-04-20T14:16:57","slug":"uw-gastheren","status":"publish","type":"page","link":"https:\/\/www.gites-les-cerisiers.com\/nl\/uw-gastheren\/","title":{"rendered":"Uw Gastheren"},"content":{"rendered":"\t\t<div data-elementor-type=\"wp-page\" data-elementor-id=\"35493\" class=\"elementor elementor-35493 elementor-10203\" data-elementor-post-type=\"page\">\n\t\t\t\t\t\t<section class=\"elementor-section elementor-top-section elementor-element elementor-element-d456a7d elementor-reverse-tablet elementor-reverse-mobile elementor-section-boxed elementor-section-height-default elementor-section-height-default\" data-id=\"d456a7d\" data-element_type=\"section\" data-e-type=\"section\" data-settings=\"{&quot;jet_parallax_layout_list&quot;:[{&quot;jet_parallax_layout_image&quot;:{&quot;url&quot;:&quot;&quot;,&quot;id&quot;:&quot;&quot;,&quot;size&quot;:&quot;&quot;},&quot;_id&quot;:&quot;f2705a0&quot;,&quot;jet_parallax_layout_image_tablet&quot;:{&quot;url&quot;:&quot;&quot;,&quot;id&quot;:&quot;&quot;,&quot;size&quot;:&quot;&quot;},&quot;jet_parallax_layout_image_mobile&quot;:{&quot;url&quot;:&quot;&quot;,&quot;id&quot;:&quot;&quot;,&quot;size&quot;:&quot;&quot;},&quot;jet_parallax_layout_speed&quot;:{&quot;unit&quot;:&quot;%&quot;,&quot;size&quot;:50,&quot;sizes&quot;:[]},&quot;jet_parallax_layout_type&quot;:&quot;scroll&quot;,&quot;jet_parallax_layout_direction&quot;:&quot;1&quot;,&quot;jet_parallax_layout_fx_direction&quot;:null,&quot;jet_parallax_layout_z_index&quot;:&quot;&quot;,&quot;jet_parallax_layout_bg_x&quot;:50,&quot;jet_parallax_layout_bg_x_tablet&quot;:&quot;&quot;,&quot;jet_parallax_layout_bg_x_mobile&quot;:&quot;&quot;,&quot;jet_parallax_layout_bg_y&quot;:50,&quot;jet_parallax_layout_bg_y_tablet&quot;:&quot;&quot;,&quot;jet_parallax_layout_bg_y_mobile&quot;:&quot;&quot;,&quot;jet_parallax_layout_bg_size&quot;:&quot;auto&quot;,&quot;jet_parallax_layout_bg_size_tablet&quot;:&quot;&quot;,&quot;jet_parallax_layout_bg_size_mobile&quot;:&quot;&quot;,&quot;jet_parallax_layout_animation_prop&quot;:&quot;transform&quot;,&quot;jet_parallax_layout_on&quot;:[&quot;desktop&quot;,&quot;tablet&quot;]}]}\">\n\t\t\t\t\t\t<div class=\"elementor-container elementor-column-gap-wider\">\n\t\t\t\t\t<div class=\"elementor-column elementor-col-50 elementor-top-column elementor-element elementor-element-1e0d63b\" data-id=\"1e0d63b\" data-element_type=\"column\" data-e-type=\"column\">\n\t\t\t<div class=\"elementor-widget-wrap elementor-element-populated\">\n\t\t\t\t\t\t<div class=\"elementor-element elementor-element-7a779be elementor-widget elementor-widget-heading\" data-id=\"7a779be\" data-element_type=\"widget\" data-e-type=\"widget\" data-widget_type=\"heading.default\">\n\t\t\t\t\t<h1 class=\"elementor-heading-title elementor-size-default\">DE FAMILIE CERISE VERWELKOMT U<\/h1>\t\t\t\t<\/div>\n\t\t\t\t<div class=\"elementor-element elementor-element-36030b6 elementor-widget elementor-widget-text-editor\" data-id=\"36030b6\" data-element_type=\"widget\" data-e-type=\"widget\" data-widget_type=\"text-editor.default\">\n\t\t\t\t\t\t\t\t\t<p>Het idee van het domein \u2018les C\u00e9risiers\u2019ontstond op een mooie lentedag tijdens een wandeling naar het oude dorp Mirabel.<\/p><p>Met verrukking keken wij naar al het moois dat dit liefelijke hoekje middenin de vallei van de Dr\u00f4me te bieden had en voelden we ons in de ban van het natuurschoon om ons heen: een ware lust voor het oog !<span class=\"Apple-converted-space\">\u00a0<\/span><\/p><p>Dit landschap met zijn prachtige vergezichten over de Dr\u00f4me-vallei en de prilgroene kleurenpracht van de alom deinende wijngaarden, ademde een bijzondere sfeer uit\u2026 we kregen er maar niet genoeg van.<\/p><p>En als we nu eens alles in het thuisland in de steek lieten en inruilden voor dit stukje paradijs op aarde ?<\/p><p>Welgeteld 7 jaar later realiseerden wij onze droom: het domein \u2018Les Cerisiers\u2019 was geboren !\u00a0Gedurende heel zijn ontstaansgeschiedenis hebben wij de initi\u00eble gewaarwordingen die ons bezielden trachten te bewaren en er alles aan gedaan om er onze bezoekers deelachtig aan te maken.<\/p>\t\t\t\t\t\t\t\t<\/div>\n\t\t\t\t\t<\/div>\n\t\t<\/div>\n\t\t\t\t<div class=\"elementor-column elementor-col-50 elementor-top-column elementor-element elementor-element-aca49d0\" data-id=\"aca49d0\" data-element_type=\"column\" data-e-type=\"column\">\n\t\t\t<div class=\"elementor-widget-wrap elementor-element-populated\">\n\t\t\t\t\t\t<div class=\"elementor-element elementor-element-911862e elementor-widget elementor-widget-image\" data-id=\"911862e\" data-element_type=\"widget\" data-e-type=\"widget\" data-widget_type=\"image.default\">\n\t\t\t\t\t\t\t\t\t\t\t\t\t\t\t<img fetchpriority=\"high\" decoding=\"async\" width=\"1000\" height=\"666\" src=\"https:\/\/www.gites-les-cerisiers.com\/wp-content\/uploads\/2020\/09\/Proprio2-45.jpg\" class=\"attachment-full size-full wp-image-6277\" alt=\"\" srcset=\"https:\/\/www.gites-les-cerisiers.com\/wp-content\/uploads\/2020\/09\/Proprio2-45.jpg 1000w, https:\/\/www.gites-les-cerisiers.com\/wp-content\/uploads\/2020\/09\/Proprio2-45-300x200.jpg 300w, https:\/\/www.gites-les-cerisiers.com\/wp-content\/uploads\/2020\/09\/Proprio2-45-768x511.jpg 768w\" sizes=\"(max-width: 1000px) 100vw, 1000px\" \/>\t\t\t\t\t\t\t\t\t\t\t\t\t\t\t<\/div>\n\t\t\t\t\t<\/div>\n\t\t<\/div>\n\t\t\t\t\t<\/div>\n\t\t<\/section>\n\t\t\t\t<section class=\"elementor-section elementor-top-section elementor-element elementor-element-bb5e768 elementor-section-boxed elementor-section-height-default elementor-section-height-default\" data-id=\"bb5e768\" data-element_type=\"section\" data-e-type=\"section\" data-settings=\"{&quot;jet_parallax_layout_list&quot;:[{&quot;jet_parallax_layout_image&quot;:{&quot;url&quot;:&quot;&quot;,&quot;id&quot;:&quot;&quot;,&quot;size&quot;:&quot;&quot;},&quot;_id&quot;:&quot;f2705a0&quot;,&quot;jet_parallax_layout_image_tablet&quot;:{&quot;url&quot;:&quot;&quot;,&quot;id&quot;:&quot;&quot;,&quot;size&quot;:&quot;&quot;},&quot;jet_parallax_layout_image_mobile&quot;:{&quot;url&quot;:&quot;&quot;,&quot;id&quot;:&quot;&quot;,&quot;size&quot;:&quot;&quot;},&quot;jet_parallax_layout_speed&quot;:{&quot;unit&quot;:&quot;%&quot;,&quot;size&quot;:50,&quot;sizes&quot;:[]},&quot;jet_parallax_layout_type&quot;:&quot;scroll&quot;,&quot;jet_parallax_layout_direction&quot;:&quot;1&quot;,&quot;jet_parallax_layout_fx_direction&quot;:null,&quot;jet_parallax_layout_z_index&quot;:&quot;&quot;,&quot;jet_parallax_layout_bg_x&quot;:50,&quot;jet_parallax_layout_bg_x_tablet&quot;:&quot;&quot;,&quot;jet_parallax_layout_bg_x_mobile&quot;:&quot;&quot;,&quot;jet_parallax_layout_bg_y&quot;:50,&quot;jet_parallax_layout_bg_y_tablet&quot;:&quot;&quot;,&quot;jet_parallax_layout_bg_y_mobile&quot;:&quot;&quot;,&quot;jet_parallax_layout_bg_size&quot;:&quot;auto&quot;,&quot;jet_parallax_layout_bg_size_tablet&quot;:&quot;&quot;,&quot;jet_parallax_layout_bg_size_mobile&quot;:&quot;&quot;,&quot;jet_parallax_layout_animation_prop&quot;:&quot;transform&quot;,&quot;jet_parallax_layout_on&quot;:[&quot;desktop&quot;,&quot;tablet&quot;]}]}\">\n\t\t\t\t\t\t<div class=\"elementor-container elementor-column-gap-default\">\n\t\t\t\t\t<div class=\"elementor-column elementor-col-100 elementor-top-column elementor-element elementor-element-aea366f elementor-hidden-phone\" data-id=\"aea366f\" data-element_type=\"column\" data-e-type=\"column\">\n\t\t\t<div class=\"elementor-widget-wrap elementor-element-populated\">\n\t\t\t\t\t\t<div class=\"elementor-element elementor-element-9c113e1 elementor-widget elementor-widget-text-editor\" data-id=\"9c113e1\" data-element_type=\"widget\" data-e-type=\"widget\" data-widget_type=\"text-editor.default\">\n\t\t\t\t\t\t\t\t\t<p>Wij zorgden ervoor, dat elke gast op ons domein vanop zijn terras maximaal van het wondermooie landschap kan genieten, in de aanpalende bloeiende tuin er de opstijgende geuren van grassen en gewassen kan opsnuiven en \u2018s avonds de fee\u00ebrieke lichtjes rond de Dr\u00f4me op zich kan laten inwerken \u2013 een feest voor de zintuigen!<\/p><p>Met vereende krachten plantten wij honderden struiken en legden we uiterst verzorgde tuinen aan zodat eenieder, ingekapseld in de omringende natuur, er de weldoende strelingen van zou voelen.<\/p><p>De vogels laten zich bij het krieken van de dag geenszins onbetuigd en vergasten de bezoekers telkens weer op een ochtendconcert alvorens het dirigeerstokje door te geven aan de cicades en krekels.<\/p><p>Al sinds 2007 verwelkomen wij in onze g\u00eetes recreanten met wie wij de geestdrift over onze adoptieve regio delen en die wij graag introduceren in de typische levenskunst, eigen aan de bewoners van de Dr\u00f4mevallei.<\/p><p>Yannick et Benoit CERISE<\/p>\t\t\t\t\t\t\t\t<\/div>\n\t\t\t\t\t<\/div>\n\t\t<\/div>\n\t\t\t\t\t<\/div>\n\t\t<\/section>\n\t\t\t\t<section class=\"elementor-section elementor-top-section elementor-element elementor-element-d767580 elementor-section-boxed elementor-section-height-default elementor-section-height-default\" data-id=\"d767580\" data-element_type=\"section\" data-e-type=\"section\" data-settings=\"{&quot;jet_parallax_layout_list&quot;:[{&quot;jet_parallax_layout_image&quot;:{&quot;url&quot;:&quot;&quot;,&quot;id&quot;:&quot;&quot;,&quot;size&quot;:&quot;&quot;},&quot;_id&quot;:&quot;b46893f&quot;,&quot;jet_parallax_layout_image_tablet&quot;:{&quot;url&quot;:&quot;&quot;,&quot;id&quot;:&quot;&quot;,&quot;size&quot;:&quot;&quot;},&quot;jet_parallax_layout_image_mobile&quot;:{&quot;url&quot;:&quot;&quot;,&quot;id&quot;:&quot;&quot;,&quot;size&quot;:&quot;&quot;},&quot;jet_parallax_layout_speed&quot;:{&quot;unit&quot;:&quot;%&quot;,&quot;size&quot;:50,&quot;sizes&quot;:[]},&quot;jet_parallax_layout_type&quot;:&quot;scroll&quot;,&quot;jet_parallax_layout_direction&quot;:&quot;1&quot;,&quot;jet_parallax_layout_fx_direction&quot;:null,&quot;jet_parallax_layout_z_index&quot;:&quot;&quot;,&quot;jet_parallax_layout_bg_x&quot;:50,&quot;jet_parallax_layout_bg_x_tablet&quot;:&quot;&quot;,&quot;jet_parallax_layout_bg_x_mobile&quot;:&quot;&quot;,&quot;jet_parallax_layout_bg_y&quot;:50,&quot;jet_parallax_layout_bg_y_tablet&quot;:&quot;&quot;,&quot;jet_parallax_layout_bg_y_mobile&quot;:&quot;&quot;,&quot;jet_parallax_layout_bg_size&quot;:&quot;auto&quot;,&quot;jet_parallax_layout_bg_size_tablet&quot;:&quot;&quot;,&quot;jet_parallax_layout_bg_size_mobile&quot;:&quot;&quot;,&quot;jet_parallax_layout_animation_prop&quot;:&quot;transform&quot;,&quot;jet_parallax_layout_on&quot;:[&quot;desktop&quot;,&quot;tablet&quot;]}]}\">\n\t\t\t\t\t\t<div class=\"elementor-container elementor-column-gap-default\">\n\t\t\t\t\t<div class=\"elementor-column elementor-col-100 elementor-top-column elementor-element elementor-element-d434827 elementor-hidden-desktop elementor-hidden-tablet elementor-hidden-phone\" data-id=\"d434827\" data-element_type=\"column\" data-e-type=\"column\">\n\t\t\t<div class=\"elementor-widget-wrap elementor-element-populated\">\n\t\t\t\t\t\t<div class=\"elementor-element elementor-element-206c6ae elementor-widget elementor-widget-spacer\" data-id=\"206c6ae\" data-element_type=\"widget\" data-e-type=\"widget\" data-widget_type=\"spacer.default\">\n\t\t\t\t\t\t\t<div class=\"elementor-spacer\">\n\t\t\t<div class=\"elementor-spacer-inner\"><\/div>\n\t\t<\/div>\n\t\t\t\t\t\t<\/div>\n\t\t\t\t\t<\/div>\n\t\t<\/div>\n\t\t\t\t\t<\/div>\n\t\t<\/section>\n\t\t\t\t<section class=\"elementor-section elementor-top-section elementor-element elementor-element-a2fdc5e elementor-section-boxed elementor-section-height-default elementor-section-height-default\" data-id=\"a2fdc5e\" data-element_type=\"section\" data-e-type=\"section\" data-settings=\"{&quot;jet_parallax_layout_list&quot;:[{&quot;jet_parallax_layout_image&quot;:{&quot;url&quot;:&quot;&quot;,&quot;id&quot;:&quot;&quot;,&quot;size&quot;:&quot;&quot;},&quot;_id&quot;:&quot;d4eec19&quot;,&quot;jet_parallax_layout_image_tablet&quot;:{&quot;url&quot;:&quot;&quot;,&quot;id&quot;:&quot;&quot;,&quot;size&quot;:&quot;&quot;},&quot;jet_parallax_layout_image_mobile&quot;:{&quot;url&quot;:&quot;&quot;,&quot;id&quot;:&quot;&quot;,&quot;size&quot;:&quot;&quot;},&quot;jet_parallax_layout_speed&quot;:{&quot;unit&quot;:&quot;%&quot;,&quot;size&quot;:50,&quot;sizes&quot;:[]},&quot;jet_parallax_layout_type&quot;:&quot;scroll&quot;,&quot;jet_parallax_layout_direction&quot;:&quot;1&quot;,&quot;jet_parallax_layout_fx_direction&quot;:null,&quot;jet_parallax_layout_z_index&quot;:&quot;&quot;,&quot;jet_parallax_layout_bg_x&quot;:50,&quot;jet_parallax_layout_bg_x_tablet&quot;:&quot;&quot;,&quot;jet_parallax_layout_bg_x_mobile&quot;:&quot;&quot;,&quot;jet_parallax_layout_bg_y&quot;:50,&quot;jet_parallax_layout_bg_y_tablet&quot;:&quot;&quot;,&quot;jet_parallax_layout_bg_y_mobile&quot;:&quot;&quot;,&quot;jet_parallax_layout_bg_size&quot;:&quot;auto&quot;,&quot;jet_parallax_layout_bg_size_tablet&quot;:&quot;&quot;,&quot;jet_parallax_layout_bg_size_mobile&quot;:&quot;&quot;,&quot;jet_parallax_layout_animation_prop&quot;:&quot;transform&quot;,&quot;jet_parallax_layout_on&quot;:[&quot;desktop&quot;,&quot;tablet&quot;]}]}\">\n\t\t\t\t\t\t<div class=\"elementor-container elementor-column-gap-default\">\n\t\t\t\t\t<div class=\"elementor-column elementor-col-100 elementor-top-column elementor-element elementor-element-c4633b1 elementor-hidden-desktop elementor-hidden-tablet\" data-id=\"c4633b1\" data-element_type=\"column\" data-e-type=\"column\">\n\t\t\t<div class=\"elementor-widget-wrap elementor-element-populated\">\n\t\t\t\t\t\t<div class=\"elementor-element elementor-element-80222b8 elementor-widget elementor-widget-jet-accordion\" data-id=\"80222b8\" data-element_type=\"widget\" data-e-type=\"widget\" data-widget_type=\"jet-accordion.default\">\n\t\t\t\t<div class=\"elementor-widget-container\">\n\t\t\t\t\t\t\t\t\t<div class=\"jet-accordion\" data-settings=\"{&quot;collapsible&quot;:false,&quot;ajaxTemplate&quot;:false,&quot;switchScrolling&quot;:false,&quot;switchScrollingOffset&quot;:0,&quot;switchScrollingDelay&quot;:500}\">\n\t\t\t<div class=\"jet-accordion__inner\">\n\t\t\t\t<div class=\" jet-accordion__item jet-toggle jet-toggle-move-up-effect \">\n\t\t\t\t\t\t\t<div id=\"jet-toggle-control-1341\" class=\"jet-toggle__control elementor-menu-anchor\" data-toggle=\"1\" role=\"button\" tabindex=\"0\" aria-controls=\"jet-toggle-content-1341\" aria-expanded=\"false\" data-template-id=\"false\">\n\t\t\t\t\t\t\t\t<div class=\"jet-toggle__label-icon jet-toggle-icon-position-right\"><span class=\"jet-toggle__icon icon-normal jet-tabs-icon\"><svg class=\"e-font-icon-svg e-fas-plus\" viewBox=\"0 0 448 512\" xmlns=\"http:\/\/www.w3.org\/2000\/svg\"><path d=\"M416 208H272V64c0-17.67-14.33-32-32-32h-32c-17.67 0-32 14.33-32 32v144H32c-17.67 0-32 14.33-32 32v32c0 17.67 14.33 32 32 32h144v144c0 17.67 14.33 32 32 32h32c17.67 0 32-14.33 32-32V304h144c17.67 0 32-14.33 32-32v-32c0-17.67-14.33-32-32-32z\"><\/path><\/svg><\/span><span class=\"jet-toggle__icon icon-active jet-tabs-icon\"><svg class=\"e-font-icon-svg e-fas-minus\" viewBox=\"0 0 448 512\" xmlns=\"http:\/\/www.w3.org\/2000\/svg\"><path d=\"M416 208H32c-17.67 0-32 14.33-32 32v32c0 17.67 14.33 32 32 32h384c17.67 0 32-14.33 32-32v-32c0-17.67-14.33-32-32-32z\"><\/path><\/svg><\/span><\/div><div class=\"jet-toggle__label-text\">Lire<\/div>\t\t\t\t\t\t\t<\/div>\n\t\t\t\t\t\t\t<div id=\"jet-toggle-content-1341\" class=\"jet-toggle__content\" data-toggle=\"1\" role=\"region\" data-template-id=\"false\">\n\t\t\t\t\t\t\t\t<div class=\"jet-toggle__content-inner\"><p>Nous avons veill\u00e9 \u00e0 ce que chacun puisse, profiter de la beaut\u00e9 du paysage depuis sa terrasse, jouir des odeurs de son jardin fleuri et \u00eatre \u00e9bloui par la magie des lumi\u00e8res dr\u00f4moises.<\/p><p>Nous avons plant\u00e9 des centaines d\u2019arbustes et cr\u00e9\u00e9 des jardins soign\u00e9s pour que chacun se sente bien dans son \u00e9crin de nature.<br \/>Les oiseaux y ont \u00e9lu domicile et assurent un concert au lever du jour avant de c\u00e9der la parole aux cigales et aux grillons .<\/p><p>Depuis 2007, nous avons accueillons des vacanciers avec lesquels nous partageons notre enthousiasme pour notre r\u00e9gion d&#8217;adoption et \u00e0 qui nous faisons d\u00e9couvrir &#8220;l&#8217;art de vivre \u00e0 la Dr\u00f4moise&#8221; &#8230;<\/p><p>Yannick et Benoit CERISE<\/p><\/div>\n\t\t\t\t\t\t\t<\/div>\n\t\t\t\t\t\t<\/div>\t\t\t<\/div>\n\t\t<\/div>\n\t\t\t\t\t\t<\/div>\n\t\t\t\t<\/div>\n\t\t\t\t\t<\/div>\n\t\t<\/div>\n\t\t\t\t\t<\/div>\n\t\t<\/section>\n\t\t\t\t<\/div>\n\t\t","protected":false},"excerpt":{"rendered":"<p>DE FAMILIE CERISE VERWELKOMT U Het idee van het domein \u2018les C\u00e9risiers\u2019ontstond op een mooie lentedag tijdens een wandeling naar het oude dorp Mirabel. Met verrukking keken wij naar al het moois dat dit liefelijke hoekje middenin de vallei van de Dr\u00f4me te bieden had en voelden we ons in de ban van het natuurschoon [&hellip;]<\/p>\n","protected":false},"author":4,"featured_media":0,"parent":0,"menu_order":0,"comment_status":"closed","ping_status":"closed","template":"","meta":{"footnotes":""},"class_list":["post-35493","page","type-page","status-publish","hentry"],"yoast_head":"<!-- This site is optimized with the Yoast SEO plugin v27.5 - https:\/\/yoast.com\/product\/yoast-seo-wordpress\/ -->\n<title>Uw Gastheren - G\u00eetes les Cerisiers<\/title>\n<meta name=\"robots\" content=\"index, follow, max-snippet:-1, max-image-preview:large, max-video-preview:-1\" \/>\n<link rel=\"canonical\" href=\"https:\/\/www.gites-les-cerisiers.com\/nl\/uw-gastheren\/\" \/>\n<meta property=\"og:locale\" content=\"nl_NL\" \/>\n<meta property=\"og:type\" content=\"article\" \/>\n<meta property=\"og:title\" content=\"Uw Gastheren - G\u00eetes les Cerisiers\" \/>\n<meta property=\"og:description\" content=\"DE FAMILIE CERISE VERWELKOMT U Het idee van het domein \u2018les C\u00e9risiers\u2019ontstond op een mooie lentedag tijdens een wandeling naar het oude dorp Mirabel. Met verrukking keken wij naar al het moois dat dit liefelijke hoekje middenin de vallei van de Dr\u00f4me te bieden had en voelden we ons in de ban van het natuurschoon [&hellip;]\" \/>\n<meta property=\"og:url\" content=\"https:\/\/www.gites-les-cerisiers.com\/nl\/uw-gastheren\/\" \/>\n<meta property=\"og:site_name\" content=\"G\u00eetes les Cerisiers\" \/>\n<meta property=\"article:modified_time\" content=\"2021-04-20T14:16:57+00:00\" \/>\n<meta property=\"og:image\" content=\"https:\/\/www.gites-les-cerisiers.com\/wp-content\/uploads\/2020\/09\/Proprio2-45.jpg\" \/>\n<meta name=\"twitter:card\" content=\"summary_large_image\" \/>\n<meta name=\"twitter:label1\" content=\"Geschatte leestijd\" \/>\n\t<meta name=\"twitter:data1\" content=\"3 minuten\" \/>\n<script type=\"application\/ld+json\" class=\"yoast-schema-graph\">{\"@context\":\"https:\\\/\\\/schema.org\",\"@graph\":[{\"@type\":\"WebPage\",\"@id\":\"https:\\\/\\\/www.gites-les-cerisiers.com\\\/nl\\\/uw-gastheren\\\/\",\"url\":\"https:\\\/\\\/www.gites-les-cerisiers.com\\\/nl\\\/uw-gastheren\\\/\",\"name\":\"Uw Gastheren - G\u00eetes les Cerisiers\",\"isPartOf\":{\"@id\":\"https:\\\/\\\/www.gites-les-cerisiers.com\\\/nl\\\/#website\"},\"primaryImageOfPage\":{\"@id\":\"https:\\\/\\\/www.gites-les-cerisiers.com\\\/nl\\\/uw-gastheren\\\/#primaryimage\"},\"image\":{\"@id\":\"https:\\\/\\\/www.gites-les-cerisiers.com\\\/nl\\\/uw-gastheren\\\/#primaryimage\"},\"thumbnailUrl\":\"https:\\\/\\\/www.gites-les-cerisiers.com\\\/wp-content\\\/uploads\\\/2020\\\/09\\\/Proprio2-45.jpg\",\"datePublished\":\"2021-04-20T14:09:13+00:00\",\"dateModified\":\"2021-04-20T14:16:57+00:00\",\"breadcrumb\":{\"@id\":\"https:\\\/\\\/www.gites-les-cerisiers.com\\\/nl\\\/uw-gastheren\\\/#breadcrumb\"},\"inLanguage\":\"nl-NL\",\"potentialAction\":[{\"@type\":\"ReadAction\",\"target\":[\"https:\\\/\\\/www.gites-les-cerisiers.com\\\/nl\\\/uw-gastheren\\\/\"]}]},{\"@type\":\"ImageObject\",\"inLanguage\":\"nl-NL\",\"@id\":\"https:\\\/\\\/www.gites-les-cerisiers.com\\\/nl\\\/uw-gastheren\\\/#primaryimage\",\"url\":\"https:\\\/\\\/www.gites-les-cerisiers.com\\\/wp-content\\\/uploads\\\/2020\\\/09\\\/Proprio2-45.jpg\",\"contentUrl\":\"https:\\\/\\\/www.gites-les-cerisiers.com\\\/wp-content\\\/uploads\\\/2020\\\/09\\\/Proprio2-45.jpg\"},{\"@type\":\"BreadcrumbList\",\"@id\":\"https:\\\/\\\/www.gites-les-cerisiers.com\\\/nl\\\/uw-gastheren\\\/#breadcrumb\",\"itemListElement\":[{\"@type\":\"ListItem\",\"position\":1,\"name\":\"Accueil\",\"item\":\"https:\\\/\\\/www.gites-les-cerisiers.com\\\/nl\\\/\"},{\"@type\":\"ListItem\",\"position\":2,\"name\":\"Uw Gastheren\"}]},{\"@type\":\"WebSite\",\"@id\":\"https:\\\/\\\/www.gites-les-cerisiers.com\\\/nl\\\/#website\",\"url\":\"https:\\\/\\\/www.gites-les-cerisiers.com\\\/nl\\\/\",\"name\":\"G\u00eetes les Cerisiers\",\"description\":\"\",\"potentialAction\":[{\"@type\":\"SearchAction\",\"target\":{\"@type\":\"EntryPoint\",\"urlTemplate\":\"https:\\\/\\\/www.gites-les-cerisiers.com\\\/nl\\\/?s={search_term_string}\"},\"query-input\":{\"@type\":\"PropertyValueSpecification\",\"valueRequired\":true,\"valueName\":\"search_term_string\"}}],\"inLanguage\":\"nl-NL\"}]}<\/script>\n<!-- \/ Yoast SEO plugin. -->","yoast_head_json":{"title":"Uw Gastheren - G\u00eetes les Cerisiers","robots":{"index":"index","follow":"follow","max-snippet":"max-snippet:-1","max-image-preview":"max-image-preview:large","max-video-preview":"max-video-preview:-1"},"canonical":"https:\/\/www.gites-les-cerisiers.com\/nl\/uw-gastheren\/","og_locale":"nl_NL","og_type":"article","og_title":"Uw Gastheren - G\u00eetes les Cerisiers","og_description":"DE FAMILIE CERISE VERWELKOMT U Het idee van het domein \u2018les C\u00e9risiers\u2019ontstond op een mooie lentedag tijdens een wandeling naar het oude dorp Mirabel. Met verrukking keken wij naar al het moois dat dit liefelijke hoekje middenin de vallei van de Dr\u00f4me te bieden had en voelden we ons in de ban van het natuurschoon [&hellip;]","og_url":"https:\/\/www.gites-les-cerisiers.com\/nl\/uw-gastheren\/","og_site_name":"G\u00eetes les Cerisiers","article_modified_time":"2021-04-20T14:16:57+00:00","og_image":[{"url":"https:\/\/www.gites-les-cerisiers.com\/wp-content\/uploads\/2020\/09\/Proprio2-45.jpg","type":"","width":"","height":""}],"twitter_card":"summary_large_image","twitter_misc":{"Geschatte leestijd":"3 minuten"},"schema":{"@context":"https:\/\/schema.org","@graph":[{"@type":"WebPage","@id":"https:\/\/www.gites-les-cerisiers.com\/nl\/uw-gastheren\/","url":"https:\/\/www.gites-les-cerisiers.com\/nl\/uw-gastheren\/","name":"Uw Gastheren - G\u00eetes les Cerisiers","isPartOf":{"@id":"https:\/\/www.gites-les-cerisiers.com\/nl\/#website"},"primaryImageOfPage":{"@id":"https:\/\/www.gites-les-cerisiers.com\/nl\/uw-gastheren\/#primaryimage"},"image":{"@id":"https:\/\/www.gites-les-cerisiers.com\/nl\/uw-gastheren\/#primaryimage"},"thumbnailUrl":"https:\/\/www.gites-les-cerisiers.com\/wp-content\/uploads\/2020\/09\/Proprio2-45.jpg","datePublished":"2021-04-20T14:09:13+00:00","dateModified":"2021-04-20T14:16:57+00:00","breadcrumb":{"@id":"https:\/\/www.gites-les-cerisiers.com\/nl\/uw-gastheren\/#breadcrumb"},"inLanguage":"nl-NL","potentialAction":[{"@type":"ReadAction","target":["https:\/\/www.gites-les-cerisiers.com\/nl\/uw-gastheren\/"]}]},{"@type":"ImageObject","inLanguage":"nl-NL","@id":"https:\/\/www.gites-les-cerisiers.com\/nl\/uw-gastheren\/#primaryimage","url":"https:\/\/www.gites-les-cerisiers.com\/wp-content\/uploads\/2020\/09\/Proprio2-45.jpg","contentUrl":"https:\/\/www.gites-les-cerisiers.com\/wp-content\/uploads\/2020\/09\/Proprio2-45.jpg"},{"@type":"BreadcrumbList","@id":"https:\/\/www.gites-les-cerisiers.com\/nl\/uw-gastheren\/#breadcrumb","itemListElement":[{"@type":"ListItem","position":1,"name":"Accueil","item":"https:\/\/www.gites-les-cerisiers.com\/nl\/"},{"@type":"ListItem","position":2,"name":"Uw Gastheren"}]},{"@type":"WebSite","@id":"https:\/\/www.gites-les-cerisiers.com\/nl\/#website","url":"https:\/\/www.gites-les-cerisiers.com\/nl\/","name":"G\u00eetes les Cerisiers","description":"","potentialAction":[{"@type":"SearchAction","target":{"@type":"EntryPoint","urlTemplate":"https:\/\/www.gites-les-cerisiers.com\/nl\/?s={search_term_string}"},"query-input":{"@type":"PropertyValueSpecification","valueRequired":true,"valueName":"search_term_string"}}],"inLanguage":"nl-NL"}]}},"_links":{"self":[{"href":"https:\/\/www.gites-les-cerisiers.com\/nl\/wp-json\/wp\/v2\/pages\/35493","targetHints":{"allow":["GET"]}}],"collection":[{"href":"https:\/\/www.gites-les-cerisiers.com\/nl\/wp-json\/wp\/v2\/pages"}],"about":[{"href":"https:\/\/www.gites-les-cerisiers.com\/nl\/wp-json\/wp\/v2\/types\/page"}],"author":[{"embeddable":true,"href":"https:\/\/www.gites-les-cerisiers.com\/nl\/wp-json\/wp\/v2\/users\/4"}],"replies":[{"embeddable":true,"href":"https:\/\/www.gites-les-cerisiers.com\/nl\/wp-json\/wp\/v2\/comments?post=35493"}],"version-history":[{"count":3,"href":"https:\/\/www.gites-les-cerisiers.com\/nl\/wp-json\/wp\/v2\/pages\/35493\/revisions"}],"predecessor-version":[{"id":35506,"href":"https:\/\/www.gites-les-cerisiers.com\/nl\/wp-json\/wp\/v2\/pages\/35493\/revisions\/35506"}],"wp:attachment":[{"href":"https:\/\/www.gites-les-cerisiers.com\/nl\/wp-json\/wp\/v2\/media?parent=35493"}],"curies":[{"name":"wp","href":"https:\/\/api.w.org\/{rel}","templated":true}]}}